{"id":61,"date":"2021-10-01T12:35:14","date_gmt":"2021-10-01T10:35:46","guid":{"rendered":"http:\/\/www.fxlb.de\/eei\/wp\/impressum\/"},"modified":"2021-10-01T16:41:57","modified_gmt":"2021-10-01T14:41:57","slug":"impressum","status":"publish","type":"page","link":"https:\/\/ee-i.de\/index.php\/impressum\/","title":{"rendered":"Impressum"},"content":{"rendered":"\n<p><strong>Energie Effizienz Institut<\/strong><\/p>\n\n\n\n<p>Prellerstra\u00dfe 9<br>99423 Weimar<\/p>\n\n\n\n<p>Telefon: +49 3643 4952710<br>Fax: +49 3643 4952714<\/p>\n\n\n\n<p>email:&nbsp;<a href=\"javascript:linkTo_UnCryptMailto('qempxs.mrjsDii1m2hi');\">info@ee-i.de<\/a><\/p>\n\n\n\n<p><strong>Institutsleitung<\/strong><\/p>\n\n\n\n<p>Dr.-Ing. Volker Drusche<br>Winfried Sch\u00f6ffel M.A.<\/p>\n\n\n\n<p><strong>Inhaltlich verantwortliche gem. \u00a76 MDStV<\/strong><\/p>\n\n\n\n<p>Winfried Sch\u00f6ffel M.A.<\/p>\n\n\n\n<p><strong>Downloads<\/strong><br>Der Download von Programmen und Dateien auf dieser Website erfolgt auf eigene Gefahr. Das Energie Effizienz Institut pr\u00fcft die angebotenen Dateien sorgf\u00e4ltig, haftet jedoch nicht f\u00fcr Sch\u00e4den aufgrund von Installation oder Nutzung.<br><br><strong>Technische Angaben<\/strong><br>Alle technischen Angaben wurden mit gr\u00f6\u00dfter Sorgfalt erarbeitet bzw. zusammen gestellt. Dennoch sind Fehler nicht auszuschlie\u00dfen. F\u00fcr Folgen, die auf fehlerhafte Angaben zur\u00fcck gehen, \u00fcbernimmt das Energie Effizienz Institut keine Haftung oder Verantwortung.<br><br><strong>Datenschutz<\/strong><br>Sofern innerhalb des Internetangebotes die M\u00f6glichkeit zur Eingabe pers\u00f6nlicher oder gesch\u00e4ftlicher Daten (Emailadressen, Namen, Anschriften) besteht, erfolgt die Preisgabe dieser Daten seitens des Nutzers auf ausdr\u00fccklich freiwilliger Basis. Diese werden durch das Energie Effizienz Institut unter Beachtung der Datenschutzbestimmungen erhoben, gespeichert und verarbeitet, sofern die f\u00fcr die Begr\u00fcndung und Durchf\u00fchrung von Vertr\u00e4gen sowie im Rahmen gesetzlicher Aufbewahrungsfristen geboten ist. Das Energie Effizienz Institut verpflichtet sich, diese Daten nicht an Dritte weiter zu geben.<\/p>\n\n\n\n<p><strong>Externe Links<\/strong><br>Trotz sorgf\u00e4ltiger inhaltlicher Kontrolle \u00fcbernehmen wir keine Haftung f\u00fcr Inhalte externer Links. F\u00fcr den Inhalt der verlinkten Seiten sind ausschlie\u00dflich deren Betreiber verantwortlich.<br><br><strong>Urheberrecht<\/strong><br>Alle Rechte vorbehalten. Kein Teil dieser Website darf in irgendeiner Form ohne schriftliche Genehmigung durch das Energie Effizienz Institut reproduziert oder unter Verwendung elektronischer Systeme verarbeitet, vervielf\u00e4ltigt oder verbreitet werden.<br><br><strong>Haftungshinweise<\/strong><br>Verwendete Produktnamen, Warenzeichen und gesch\u00fctzte Warenzeichen sind im Besitz ihrer jeweiligen Eigent\u00fcmer und wurden in der Regel nicht als solche kenntlich gemacht. Die Verwendung dient nur zur Information. Das Fehlen einer solchen Kennzeichnung bedeutet nicht, dass es sich um einen freien Namen im Sinne des Waren- und Markenzeichenrechts handelt. Das Energie Effizienz Institut erkennt alle Produktnamen und Warenzeichen an.<\/p>\n","protected":false},"excerpt":{"rendered":"<p>Energie Effizienz Institut Prellerstra\u00dfe 999423 Weimar Telefon: +49 3643 4952710Fax: +49 3643 4952714 email:&nbsp;info@ee-i.de Institutsleitung Dr.-Ing. Volker DruscheWinfried Sch\u00f6ffel M.A. Inhaltlich verantwortliche gem. \u00a76 MDStV Winfried Sch\u00f6ffel M.A. DownloadsDer Download von Programmen und Dateien auf dieser Website erfolgt auf eigene Gefahr. Das Energie Effizienz Institut pr\u00fcft die angebotenen Dateien sorgf\u00e4ltig, haftet jedoch nicht f\u00fcr Sch\u00e4den [&hellip;]<\/p>\n","protected":false},"author":1,"featured_media":71,"parent":0,"menu_order":6,"comment_status":"closed","ping_status":"closed","template":"","meta":[],"_links":{"self":[{"href":"https:\/\/ee-i.de\/index.php\/wp-json\/wp\/v2\/pages\/61"}],"collection":[{"href":"https:\/\/ee-i.de\/index.php\/wp-json\/wp\/v2\/pages"}],"about":[{"href":"https:\/\/ee-i.de\/index.php\/wp-json\/wp\/v2\/types\/page"}],"author":[{"embeddable":true,"href":"https:\/\/ee-i.de\/index.php\/wp-json\/wp\/v2\/users\/1"}],"replies":[{"embeddable":true,"href":"https:\/\/ee-i.de\/index.php\/wp-json\/wp\/v2\/comments?post=61"}],"version-history":[{"count":3,"href":"https:\/\/ee-i.de\/index.php\/wp-json\/wp\/v2\/pages\/61\/revisions"}],"predecessor-version":[{"id":88,"href":"https:\/\/ee-i.de\/index.php\/wp-json\/wp\/v2\/pages\/61\/revisions\/88"}],"wp:featuredmedia":[{"embeddable":true,"href":"https:\/\/ee-i.de\/index.php\/wp-json\/wp\/v2\/media\/71"}],"wp:attachment":[{"href":"https:\/\/ee-i.de\/index.php\/wp-json\/wp\/v2\/media?parent=61"}],"curies":[{"name":"wp","href":"https:\/\/api.w.org\/{rel}","templated":true}]}}