{"id":6,"date":"2021-10-01T11:34:14","date_gmt":"2021-10-01T09:34:00","guid":{"rendered":"http:\/\/www.fxlb.de\/eei\/wp\/?page_id=6"},"modified":"2021-10-27T14:04:17","modified_gmt":"2021-10-27T12:04:17","slug":"startseite","status":"publish","type":"page","link":"https:\/\/ee-i.de\/","title":{"rendered":"Startseite"},"content":{"rendered":"\n<h2>wof\u00fcr wir stehen<\/h2>\n\n\n\n<p>Das Energieeffizienzinstitut analysiert, forscht und ber\u00e4t hinsichtlich der Effizienzoptimierung der kommunalen und gewerblichen Energienutzung sowie durch Integration Erneuerbarer Energien zu \u00fcbergeordneten Klimaschutzzielen.<\/p>\n\n\n\n<p><a href=\"https:\/\/ee-i.de\/index.php\/fachgebiete\/\" data-type=\"page\" data-id=\"12\">mehr<\/a><\/p>\n\n\n\n<h2>was wir f\u00fcr Sie tun<\/h2>\n\n\n\n<p>Wir sind Ihr Partner f\u00fcr angewandte Forschung, Entwicklung, Bewertung und Beratung f\u00fcr zukunftsf\u00e4hige Klimaschutz-, Energieeffizienz- Energiebereitstellungs- und Nutzungskonzepte.<\/p>\n\n\n\n<p><a href=\"https:\/\/ee-i.de\/index.php\/leistungen\/\" data-type=\"page\" data-id=\"10\">mehr<\/a><\/p>\n\n\n\n<h2>woran wir arbeiten<\/h2>\n\n\n\n<p>Wir bieten unseren Partnern interdisziplin\u00e4re Kompetenz&nbsp;f\u00fcr ihren Beitrag zur Energiewende und zum Klimaschutz auf der Basis langj\u00e4hriger Erfahrungen.<\/p>\n\n\n\n<p><a href=\"https:\/\/ee-i.de\/index.php\/referenzen\/energieeffizienz\/\" data-type=\"page\" data-id=\"20\">mehr<\/a><\/p>\n","protected":false},"excerpt":{"rendered":"<p>wof\u00fcr wir stehen Das Energieeffizienzinstitut analysiert, forscht und ber\u00e4t hinsichtlich der Effizienzoptimierung der kommunalen und gewerblichen Energienutzung sowie durch Integration Erneuerbarer Energien zu \u00fcbergeordneten Klimaschutzzielen. mehr was wir f\u00fcr Sie tun Wir sind Ihr Partner f\u00fcr angewandte Forschung, Entwicklung, Bewertung und Beratung f\u00fcr zukunftsf\u00e4hige Klimaschutz-, Energieeffizienz- Energiebereitstellungs- und Nutzungskonzepte. mehr woran wir arbeiten Wir bieten [&hellip;]<\/p>\n","protected":false},"author":1,"featured_media":71,"parent":0,"menu_order":0,"comment_status":"closed","ping_status":"closed","template":"","meta":[],"_links":{"self":[{"href":"https:\/\/ee-i.de\/index.php\/wp-json\/wp\/v2\/pages\/6"}],"collection":[{"href":"https:\/\/ee-i.de\/index.php\/wp-json\/wp\/v2\/pages"}],"about":[{"href":"https:\/\/ee-i.de\/index.php\/wp-json\/wp\/v2\/types\/page"}],"author":[{"embeddable":true,"href":"https:\/\/ee-i.de\/index.php\/wp-json\/wp\/v2\/users\/1"}],"replies":[{"embeddable":true,"href":"https:\/\/ee-i.de\/index.php\/wp-json\/wp\/v2\/comments?post=6"}],"version-history":[{"count":9,"href":"https:\/\/ee-i.de\/index.php\/wp-json\/wp\/v2\/pages\/6\/revisions"}],"predecessor-version":[{"id":145,"href":"https:\/\/ee-i.de\/index.php\/wp-json\/wp\/v2\/pages\/6\/revisions\/145"}],"wp:featuredmedia":[{"embeddable":true,"href":"https:\/\/ee-i.de\/index.php\/wp-json\/wp\/v2\/media\/71"}],"wp:attachment":[{"href":"https:\/\/ee-i.de\/index.php\/wp-json\/wp\/v2\/media?parent=6"}],"curies":[{"name":"wp","href":"https:\/\/api.w.org\/{rel}","templated":true}]}}