{"id":20,"date":"2021-10-01T11:35:50","date_gmt":"2021-10-01T09:35:50","guid":{"rendered":"http:\/\/www.fxlb.de\/eei\/wp\/referenzen\/energieeffizienz\/"},"modified":"2023-06-30T10:31:39","modified_gmt":"2023-06-30T08:31:39","slug":"energieeffizienz","status":"publish","type":"page","link":"https:\/\/ee-i.de\/index.php\/referenzen\/energieeffizienz\/","title":{"rendered":"Energieeffizienz"},"content":{"rendered":"\n<p><\/p>\n\n\n<div class=\"accordion-box\">\n\t<div class=\"accordion\u2014header accordion-box-header closed\">\n\t\t<h3><span class=\"accordion-box-icon\"><\/span>Validierung von Lebenszyklus-Software <\/h3>\n\t<\/div>\n\t\n\t<div class=\"accordion-box-wrap\">\n\t\t<p>BBSR-Projekt: Modellgeb\u00e4ude-Entwicklung, Validierungs-Methodik, Vorschl\u00e4ge, Festlegung von Anforderungen an Lebenszyklus-Software f\u00fcr QNG-Berechnungen (Qualit\u00e4tssiegel Nachhaltiges Geb\u00e4ude)<br \/>\n\t\t\t\t\t\t<span><a href=\"https:\/\/ee-i.de\/wp-content\/uploads\/2023\/06\/EndBericht-07-LCA-SW-QS-GG-2023-05-05.pdf\" target=\"_blank\">Bericht<\/a><\/span>\n<span><a href=\"https:\/\/ee-i.de\/wp-content\/uploads\/2023\/06\/Anhang-Modelldefinition2023-03-06.pdf\" target=\"_blank\">Anhang Modellgeb\u00e4ude<\/a><\/span>\t\t\n\t\t<\/p>\n\t<\/div>\n<\/div>\n\n<div class=\"accordion-box\">\n\t<div class=\"accordion\u2014header accordion-box-header closed\">\n\t\t<h3><span class=\"accordion-box-icon\"><\/span>Studie Lebenszykluskosten von Wohngeb\u00e4ude-Neubaueffizienzstandards <\/h3>\n\t<\/div>\n\t\n\t<div class=\"accordion-box-wrap\">\n\t\t<p>EEI- Forschungsprojekt 2021\t\t\t\t\t\t<span><a href=\"https:\/\/ee-i.de\/wp-content\/uploads\/2021\/10\/Lebenszykluskosten-von-Wohngebaeude_Neubaueffizienzstandards-EEI-07_2021_final.pdf\" target=\"_blank\">Studie LZ Wohngeb-Neubaueffizienzstandards<\/a><\/span>\n\t\t\n\t\t<\/p>\n\t<\/div>\n<\/div>\n\n<div class=\"accordion-box\">\n\t<div class=\"accordion\u2014header accordion-box-header closed\">\n\t\t<h3><span class=\"accordion-box-icon\"><\/span>GEG 2.0 <\/h3>\n\t<\/div>\n\t\n\t<div class=\"accordion-box-wrap\">\n\t\t<p>Neukonzeption des Geb\u00e4udeenergiegesetzes (GEG 2.0) zur Erreichung eines klimaneutralen Geb\u00e4udebestandes &#8211; Ein Diskussionsimpuls\t\t\t\t\t\t<span><a href=\"https:\/\/ee-i.de\/wp-content\/uploads\/2021\/10\/ifeu_et_al._2021__GEG_2.0.pdf\" target=\"_blank\">Bericht<\/a><\/span>\n<span><a href=\"https:\/\/www.ifeu.de\/projekt\/neukonzeption-des-gebaeudeenergiegesetzes-geg-20-zur-erreichung-eines-klimaneutralen-gebaeudebestandes\/\" target=\"_blank\">Projektseite<\/a><\/span>\t\t\n\t\t<\/p>\n\t<\/div>\n<\/div>\n\n<div class=\"accordion-box\">\n\t<div class=\"accordion\u2014header accordion-box-header closed\">\n\t\t<h3><span class=\"accordion-box-icon\"><\/span>Bewertung des GEG-Referentenentwurfs <\/h3>\n\t<\/div>\n\t\n\t<div class=\"accordion-box-wrap\">\n\t\t<p>vom 28.05.2019, 2019\t\t\t\t\t\t<span><a href=\"https:\/\/ee-i.de\/wp-content\/uploads\/2021\/10\/EEI-Memo_zum_GEG_2019_06_07.pdf\" target=\"_blank\">Bewertung zum GEG-Referentenentwurf<\/a><\/span>\n\t\t\n\t\t<\/p>\n\t<\/div>\n<\/div>\n\n<div class=\"accordion-box\">\n\t<div class=\"accordion\u2014header accordion-box-header closed\">\n\t\t<h3><span class=\"accordion-box-icon\"><\/span>energiesprong <\/h3>\n\t<\/div>\n\t\n\t<div class=\"accordion-box-wrap\">\n\t\t<p>Erarbeitung von F\u00f6rderrichtlinien f\u00fcr Deutschland, 2019\t\t\t\t\t\t\n\t\t\n\t\t<\/p>\n\t<\/div>\n<\/div>\n\n<div class=\"accordion-box\">\n\t<div class=\"accordion\u2014header accordion-box-header closed\">\n\t\t<h3><span class=\"accordion-box-icon\"><\/span>Demonstrationsvorhaben Logistik <\/h3>\n\t<\/div>\n\t\n\t<div class=\"accordion-box-wrap\">\n\t\t<p>Gro\u00df-PV, Speicher, Flurf\u00f6rderfahrzeuge,\u00a02018\t\t\t\t\t\t\n\t\t\n\t\t<\/p>\n\t<\/div>\n<\/div>\n\n<div class=\"accordion-box\">\n\t<div class=\"accordion\u2014header accordion-box-header closed\">\n\t\t<h3><span class=\"accordion-box-icon\"><\/span>Energieaudit nach Energiedienstleistungsgesetz <\/h3>\n\t<\/div>\n\t\n\t<div class=\"accordion-box-wrap\">\n\t\t<p>Auftraggeber: Deutsches Nationaltheater u.a., 2017\t\t\t\t\t\t\n\t\t\n\t\t<\/p>\n\t<\/div>\n<\/div>\n\n<div class=\"accordion-box\">\n\t<div class=\"accordion\u2014header accordion-box-header closed\">\n\t\t<h3><span class=\"accordion-box-icon\"><\/span>geb\u00e4udeindividueller Sanierungsfahrplan <\/h3>\n\t<\/div>\n\t\n\t<div class=\"accordion-box-wrap\">\n\t\t<p>Auftraggeber: Bundesamt f\u00fcr Wirtschaft und Ausfuhrkontrolle, 2017\t\t\t\t\t\t\n\t\t\n\t\t<\/p>\n\t<\/div>\n<\/div>\n\n<div class=\"accordion-box\">\n\t<div class=\"accordion\u2014header accordion-box-header closed\">\n\t\t<h3><span class=\"accordion-box-icon\"><\/span>Energieausweise nach DIN V 18599 <\/h3>\n\t<\/div>\n\t\n\t<div class=\"accordion-box-wrap\">\n\t\t<p>Erstellung von einigen hundert Energieausweisen mit zusammen mehr als 25.000m\u00b2 Energiebezugsfl\u00e4che (Wohn- und Nichtwohnbau, alle Bundesl\u00e4nder, Verbrauch und Bedarf)\t\t\t\t\t\t\n\t\t\n\t\t<\/p>\n\t<\/div>\n<\/div>\n\n<div class=\"accordion-box\">\n\t<div class=\"accordion\u2014header accordion-box-header closed\">\n\t\t<h3><span class=\"accordion-box-icon\"><\/span>Klimaschutzkonzepte <\/h3>\n\t<\/div>\n\t\n\t<div class=\"accordion-box-wrap\">\n\t\t<p>Teil Geb\u00e4ude-Energieeffizienz f\u00fcr Weimar, Oberhof und Nohra, 2016\t\t\t\t\t\t\n\t\t\n\t\t<\/p>\n\t<\/div>\n<\/div>\n\n<div class=\"accordion-box\">\n\t<div class=\"accordion\u2014header accordion-box-header closed\">\n\t\t<h3><span class=\"accordion-box-icon\"><\/span>TestReal &#8211; Techniken und Strukturen f\u00fcr die Realisation von Energieeffizienz in der Stadt <\/h3>\n\t<\/div>\n\t\n\t<div class=\"accordion-box-wrap\">\n\t\t<p>Forschergruppe an der Bauhaus-Universit\u00e4t Weimar, 2012-14, Mitarbeit im Industriebeirat\t\t\t\t\t\t<span><a href=\"www.testreal.org\" target=\"_blank\">http:\/\/www.testreal.org<\/a><\/span>\n\t\t\n\t\t<\/p>\n\t<\/div>\n<\/div>\n\n<div class=\"accordion-box\">\n\t<div class=\"accordion\u2014header accordion-box-header closed\">\n\t\t<h3><span class=\"accordion-box-icon\"><\/span>Qualit\u00e4tssicherung DIN V 18599 <\/h3>\n\t<\/div>\n\t\n\t<div class=\"accordion-box-wrap\">\n\t\t<p>Auftraggeber: 18599 G\u00fctegemeinschaft, 2011-2014\t\t\t\t\t\t<span><a href=\"www.18599siegel.de\" target=\"_blank\">http:\/\/www.18599siegel.de<\/a><\/span>\n\t\t\n\t\t<\/p>\n\t<\/div>\n<\/div>\n\n<div class=\"accordion-box\">\n\t<div class=\"accordion\u2014header accordion-box-header closed\">\n\t\t<h3><span class=\"accordion-box-icon\"><\/span>Energieberatung f\u00fcr die Naturforschende Senckenberg Gesellschaft <\/h3>\n\t<\/div>\n\t\n\t<div class=\"accordion-box-wrap\">\n\t\t<p>Auftraggeber: Senckenberg Gesellschaft, Frankfurt, 2013\t\t\t\t\t\t\n\t\t\n\t\t<\/p>\n\t<\/div>\n<\/div>\n\n<div class=\"accordion-box\">\n\t<div class=\"accordion\u2014header accordion-box-header closed\">\n\t\t<h3><span class=\"accordion-box-icon\"><\/span>Energetische Feinanalyse f\u00fcr die Universit\u00e4tsbibliothek Erfurt <\/h3>\n\t<\/div>\n\t\n\t<div class=\"accordion-box-wrap\">\n\t\t<p>im Rahmen der Forschungskooperation NaGET, Auftraggeber: Land Th\u00fcringen, 2013\t\t\t\t\t\t<span><a href=\"https:\/\/ee-i.de\/wp-content\/uploads\/2021\/10\/2013_naget_endbericht_online.pdf\" target=\"_blank\">Bericht<\/a><\/span>\n\t\t\n\t\t<\/p>\n\t<\/div>\n<\/div>\n\n<div class=\"accordion-box\">\n\t<div class=\"accordion\u2014header accordion-box-header closed\">\n\t\t<h3><span class=\"accordion-box-icon\"><\/span>Pilotprojekt Angestr\u00f6mte Deckenheizung <\/h3>\n\t<\/div>\n\t\n\t<div class=\"accordion-box-wrap\">\n\t\t<p>Auftraggeber: ENVISYS Weimar, gef\u00f6rdert durch die EU (GreenConserve), 2012\t\t\t\t\t\t\n\t\t\n\t\t<\/p>\n\t<\/div>\n<\/div>\n\n<div class=\"accordion-box\">\n\t<div class=\"accordion\u2014header accordion-box-header closed\">\n\t\t<h3><span class=\"accordion-box-icon\"><\/span>Hamburger Energiepass <\/h3>\n\t<\/div>\n\t\n\t<div class=\"accordion-box-wrap\">\n\t\t<p>Auftraggeber: Senat der Hansestadt Hamburg, 2012 ff.\t\t\t\t\t\t\n\t\t\n\t\t<\/p>\n\t<\/div>\n<\/div>\n\n<div class=\"accordion-box\">\n\t<div class=\"accordion\u2014header accordion-box-header closed\">\n\t\t<h3><span class=\"accordion-box-icon\"><\/span>Gr\u00fcne Hausnummer f\u00fcr Nicht-Wohngeb\u00e4ude <\/h3>\n\t<\/div>\n\t\n\t<div class=\"accordion-box-wrap\">\n\t\t<p>Auftraggeber: Stadt Weimar, 2011 ff.\t\t\t\t\t\t\n\t\t\n\t\t<\/p>\n\t<\/div>\n<\/div>\n\n<div class=\"accordion-box\">\n\t<div class=\"accordion\u2014header accordion-box-header closed\">\n\t\t<h3><span class=\"accordion-box-icon\"><\/span>Schnittstellenkonzept f\u00fcr Energetische Geb\u00e4udedaten <\/h3>\n\t<\/div>\n\t\n\t<div class=\"accordion-box-wrap\">\n\t\t<p>Auftraggeber: 18599 G\u00fctegemeinschaft, 2011\t\t\t\t\t\t\n\t\t\n\t\t<\/p>\n\t<\/div>\n<\/div>\n\n<div class=\"accordion-box\">\n\t<div class=\"accordion\u2014header accordion-box-header closed\">\n\t\t<h3><span class=\"accordion-box-icon\"><\/span>Energiekonzept f\u00fcr die Stadt Weimar <\/h3>\n\t<\/div>\n\t\n\t<div class=\"accordion-box-wrap\">\n\t\t<p>Auftraggeber: Stadt Weimar, 2010\t\t\t\t\t\t\n\t\t\n\t\t<\/p>\n\t<\/div>\n<\/div>\n\n<div class=\"accordion-box\">\n\t<div class=\"accordion\u2014header accordion-box-header closed\">\n\t\t<h3><span class=\"accordion-box-icon\"><\/span>Energiekonzept\/Beratung Industriequartier\u00a0 <\/h3>\n\t<\/div>\n\t\n\t<div class=\"accordion-box-wrap\">\n\t\t<p>Auftraggeber: JenOptik, 2010\t\t\t\t\t\t\n\t\t\n\t\t<\/p>\n\t<\/div>\n<\/div>\n\n<div class=\"accordion-box\">\n\t<div class=\"accordion\u2014header accordion-box-header closed\">\n\t\t<h3><span class=\"accordion-box-icon\"><\/span>Gr\u00fcne Hausnummer f\u00fcr Wohngeb\u00e4ude <\/h3>\n\t<\/div>\n\t\n\t<div class=\"accordion-box-wrap\">\n\t\t<p>Auftraggeber: Stadt Weimar, 2008 ff.\t\t\t\t\t\t\n\t\t\n\t\t<\/p>\n\t<\/div>\n<\/div>\n\n<div class=\"accordion-box\">\n\t<div class=\"accordion\u2014header accordion-box-header closed\">\n\t\t<h3><span class=\"accordion-box-icon\"><\/span>Energieaudits nach DIN 16247 und DIN 50001 <\/h3>\n\t<\/div>\n\t\n\t<div class=\"accordion-box-wrap\">\n\t\t<p>Auftraggeber: Verschiedene Gewerbliche \t\t\t\t\t\t\n\t\t\n\t\t<\/p>\n\t<\/div>\n<\/div>","protected":false},"excerpt":{"rendered":"","protected":false},"author":1,"featured_media":76,"parent":14,"menu_order":0,"comment_status":"closed","ping_status":"closed","template":"","meta":[],"_links":{"self":[{"href":"https:\/\/ee-i.de\/index.php\/wp-json\/wp\/v2\/pages\/20"}],"collection":[{"href":"https:\/\/ee-i.de\/index.php\/wp-json\/wp\/v2\/pages"}],"about":[{"href":"https:\/\/ee-i.de\/index.php\/wp-json\/wp\/v2\/types\/page"}],"author":[{"embeddable":true,"href":"https:\/\/ee-i.de\/index.php\/wp-json\/wp\/v2\/users\/1"}],"replies":[{"embeddable":true,"href":"https:\/\/ee-i.de\/index.php\/wp-json\/wp\/v2\/comments?post=20"}],"version-history":[{"count":35,"href":"https:\/\/ee-i.de\/index.php\/wp-json\/wp\/v2\/pages\/20\/revisions"}],"predecessor-version":[{"id":212,"href":"https:\/\/ee-i.de\/index.php\/wp-json\/wp\/v2\/pages\/20\/revisions\/212"}],"up":[{"embeddable":true,"href":"https:\/\/ee-i.de\/index.php\/wp-json\/wp\/v2\/pages\/14"}],"wp:featuredmedia":[{"embeddable":true,"href":"https:\/\/ee-i.de\/index.php\/wp-json\/wp\/v2\/media\/76"}],"wp:attachment":[{"href":"https:\/\/ee-i.de\/index.php\/wp-json\/wp\/v2\/media?parent=20"}],"curies":[{"name":"wp","href":"https:\/\/api.w.org\/{rel}","templated":true}]}}