{"id":16,"date":"2021-10-01T11:35:14","date_gmt":"2021-10-01T09:35:14","guid":{"rendered":"http:\/\/www.fxlb.de\/eei\/wp\/institut\/"},"modified":"2021-10-27T15:41:38","modified_gmt":"2021-10-27T13:41:38","slug":"institut","status":"publish","type":"page","link":"https:\/\/ee-i.de\/index.php\/institut\/","title":{"rendered":"Institut"},"content":{"rendered":"\n<h2>Leitbild<\/h2>\n\n\n\n<p>Die Kernenergie lassen wir gern auf der Sonne, da geh\u00f6rt sie hin. Die Sonne liefert uns auch so 1000 mal mehr Energie als wir brauchen. Wir m\u00fcssen sie nur ernten, verteilen, effizient und nachhaltig einsetzen.<\/p>\n\n\n\n<p>Wir haben Ideen mit Energie f\u00fcr heute, L\u00f6sungen f\u00fcr morgen und Konzepte f\u00fcr die Zukunft<\/p>\n\n\n\n<h2>Institutsleitung<\/h2>\n\n\n\n<h3>Dr.-Ing. Volker K. Drusche<\/h3>\n\n\n\n<p>Architekt (TH), Energieplaner<br>Bau-Sachverst\u00e4ndigenb\u00fcro projektRAUM \/ Weimar<\/p>\n\n\n\n<h3>Winfried Sch\u00f6ffel M.A.<\/h3>\n\n\n\n<p>Umweltinformatiker &#8211; Energieberater &#8211; Politikwissenschaftler<br>Gesch\u00e4ftsf\u00fchrer ENVISYS GmbH &amp; Co. KG<br>Landessprecher Deutsches Energieberater Netzwerk<br>stellv.Vorsitzender DIN18599 G\u00fctegemeinschaft e.V.<\/p>\n","protected":false},"excerpt":{"rendered":"<p>Leitbild Die Kernenergie lassen wir gern auf der Sonne, da geh\u00f6rt sie hin. Die Sonne liefert uns auch so 1000 mal mehr Energie als wir brauchen. Wir m\u00fcssen sie nur ernten, verteilen, effizient und nachhaltig einsetzen. Wir haben Ideen mit Energie f\u00fcr heute, L\u00f6sungen f\u00fcr morgen und Konzepte f\u00fcr die Zukunft Institutsleitung Dr.-Ing. Volker K. [&hellip;]<\/p>\n","protected":false},"author":1,"featured_media":157,"parent":0,"menu_order":4,"comment_status":"closed","ping_status":"closed","template":"","meta":[],"_links":{"self":[{"href":"https:\/\/ee-i.de\/index.php\/wp-json\/wp\/v2\/pages\/16"}],"collection":[{"href":"https:\/\/ee-i.de\/index.php\/wp-json\/wp\/v2\/pages"}],"about":[{"href":"https:\/\/ee-i.de\/index.php\/wp-json\/wp\/v2\/types\/page"}],"author":[{"embeddable":true,"href":"https:\/\/ee-i.de\/index.php\/wp-json\/wp\/v2\/users\/1"}],"replies":[{"embeddable":true,"href":"https:\/\/ee-i.de\/index.php\/wp-json\/wp\/v2\/comments?post=16"}],"version-history":[{"count":2,"href":"https:\/\/ee-i.de\/index.php\/wp-json\/wp\/v2\/pages\/16\/revisions"}],"predecessor-version":[{"id":47,"href":"https:\/\/ee-i.de\/index.php\/wp-json\/wp\/v2\/pages\/16\/revisions\/47"}],"wp:featuredmedia":[{"embeddable":true,"href":"https:\/\/ee-i.de\/index.php\/wp-json\/wp\/v2\/media\/157"}],"wp:attachment":[{"href":"https:\/\/ee-i.de\/index.php\/wp-json\/wp\/v2\/media?parent=16"}],"curies":[{"name":"wp","href":"https:\/\/api.w.org\/{rel}","templated":true}]}}