{"id":12,"date":"2021-10-01T11:35:14","date_gmt":"2021-10-01T09:35:14","guid":{"rendered":"http:\/\/www.fxlb.de\/eei\/wp\/fachgebiete\/"},"modified":"2021-10-01T16:18:52","modified_gmt":"2021-10-01T14:18:52","slug":"fachgebiete","status":"publish","type":"page","link":"https:\/\/ee-i.de\/index.php\/fachgebiete\/","title":{"rendered":"Fachgebiete"},"content":{"rendered":"\n<h2><\/h2>\n\n\n<div class=\"accordion-box\">\n\t<div class=\"accordion\u2014header accordion-box-header closed\">\n\t\t<h3><span class=\"accordion-box-icon\"><\/span>Erneuerbare Energien (Bioenergie, Geothermie, Solarenergie, Windenergie, Abw\u00e4rme, Abfall-Kreislaufwirtschaft) <\/h3>\n\t<\/div>\n\t\n\t<div class=\"accordion-box-wrap\">\n\t\t<p>Der Einsatz erneuerbarer Energien wird untersucht und ggf. integriert bzw. umgesetzt.\t\t\t\t\t\t\n\t\t\n\t\t<\/p>\n\t<\/div>\n<\/div>\n\n<div class=\"accordion-box\">\n\t<div class=\"accordion\u2014header accordion-box-header closed\">\n\t\t<h3><span class=\"accordion-box-icon\"><\/span>Energieeinsatz-Optimierung (in Geb\u00e4uden, Quartieren und Prozessen) <\/h3>\n\t<\/div>\n\t\n\t<div class=\"accordion-box-wrap\">\n\t\t<p>Mit wissenschaftlichen Methoden werden die Schwachstellen von Geb\u00e4uden und Prozessen analysiert, Optimierungspotenziale eruiert und deren Umsetzung begleitet.\t\t\t\t\t\t\n\t\t\n\t\t<\/p>\n\t<\/div>\n<\/div>\n\n<div class=\"accordion-box\">\n\t<div class=\"accordion\u2014header accordion-box-header closed\">\n\t\t<h3><span class=\"accordion-box-icon\"><\/span>Energieeffizienztechnologien <\/h3>\n\t<\/div>\n\t\n\t<div class=\"accordion-box-wrap\">\n\t\t<p>Das Institut betreibt Forschung und Entwicklung mit dem Ziel, Technologien zur Steigerung von Energieeffizienz zu ermitteln und zu optimieren.\t\t\t\t\t\t\n\t\t\n\t\t<\/p>\n\t<\/div>\n<\/div>\n\n<div class=\"accordion-box\">\n\t<div class=\"accordion\u2014header accordion-box-header closed\">\n\t\t<h3><span class=\"accordion-box-icon\"><\/span>Systemintegration <\/h3>\n\t<\/div>\n\t\n\t<div class=\"accordion-box-wrap\">\n\t\t<p>Technologien, komplexe Strukturen und Prozesse werden mit modernen Methoden und Softwarel\u00f6sungen optimal in vorhandene Strukturen implementiert.\t\t\t\t\t\t\n\t\t\n\t\t<\/p>\n\t<\/div>\n<\/div>\n\n<div class=\"accordion-box\">\n\t<div class=\"accordion\u2014header accordion-box-header closed\">\n\t\t<h3><span class=\"accordion-box-icon\"><\/span>Wissenstransfer <\/h3>\n\t<\/div>\n\t\n\t<div class=\"accordion-box-wrap\">\n\t\t<p>Das Institut steht Ihnen f\u00fcr Aus- und Weiterbildung von Mitarbeitern, Verantwortlichen und Kompetenztr\u00e4gern zur Seite. Das Institut unterst\u00fctzt Sie bei der Organisation und fachlichen Ausgestaltung von Kongressen und Fachveranstaltungen.\t\t\t\t\t\t\n\t\t\n\t\t<\/p>\n\t<\/div>\n<\/div>","protected":false},"excerpt":{"rendered":"","protected":false},"author":1,"featured_media":77,"parent":0,"menu_order":2,"comment_status":"closed","ping_status":"closed","template":"","meta":[],"_links":{"self":[{"href":"https:\/\/ee-i.de\/index.php\/wp-json\/wp\/v2\/pages\/12"}],"collection":[{"href":"https:\/\/ee-i.de\/index.php\/wp-json\/wp\/v2\/pages"}],"about":[{"href":"https:\/\/ee-i.de\/index.php\/wp-json\/wp\/v2\/types\/page"}],"author":[{"embeddable":true,"href":"https:\/\/ee-i.de\/index.php\/wp-json\/wp\/v2\/users\/1"}],"replies":[{"embeddable":true,"href":"https:\/\/ee-i.de\/index.php\/wp-json\/wp\/v2\/comments?post=12"}],"version-history":[{"count":3,"href":"https:\/\/ee-i.de\/index.php\/wp-json\/wp\/v2\/pages\/12\/revisions"}],"predecessor-version":[{"id":82,"href":"https:\/\/ee-i.de\/index.php\/wp-json\/wp\/v2\/pages\/12\/revisions\/82"}],"wp:featuredmedia":[{"embeddable":true,"href":"https:\/\/ee-i.de\/index.php\/wp-json\/wp\/v2\/media\/77"}],"wp:attachment":[{"href":"https:\/\/ee-i.de\/index.php\/wp-json\/wp\/v2\/media?parent=12"}],"curies":[{"name":"wp","href":"https:\/\/api.w.org\/{rel}","templated":true}]}}