{"id":10,"date":"2021-10-01T11:35:14","date_gmt":"2021-10-01T09:35:14","guid":{"rendered":"http:\/\/www.fxlb.de\/eei\/wp\/leistungen\/"},"modified":"2021-10-28T10:15:23","modified_gmt":"2021-10-28T08:15:23","slug":"leistungen","status":"publish","type":"page","link":"https:\/\/ee-i.de\/index.php\/leistungen\/","title":{"rendered":"Leistungen"},"content":{"rendered":"<div class=\"accordion-box\">\n\t<div class=\"accordion\u2014header accordion-box-header closed\">\n\t\t<h3><span class=\"accordion-box-icon\"><\/span>Interdisziplin\u00e4re wissenschaftliche Beratung und Forschung <\/h3>\n\t<\/div>\n\t\n\t<div class=\"accordion-box-wrap\">\n\t\t<p>Die Komplexit\u00e4t der Thematik verlangt nach einer fach\u00fcbergreifenden Arbeitsweise. Unser Team besteht aus Experten unterschiedlicher Disziplinen mit Erfahrung in interdisziplin\u00e4rer Forschung und Beratung. Wir sind ebenso in der Lage, technische Spezialaspekte zu bearbeiten, wie auch makro\u00f6konomische Probleme und sozialwissenschaftliche Fragestellungen zu l\u00f6sen.\t\t\t\t\t\t<span><a href=\"https:\/\/ee-i.de\/index.php\/referenzen\/\" target=\"_blank\">Referenzen<\/a><\/span>\n\t\t\n\t\t<\/p>\n\t<\/div>\n<\/div>\n\n<div class=\"accordion-box\">\n\t<div class=\"accordion\u2014header accordion-box-header closed\">\n\t\t<h3><span class=\"accordion-box-icon\"><\/span>Analyse und Zertifizierung von Geb\u00e4uden und Geb\u00e4udeportfolios <\/h3>\n\t<\/div>\n\t\n\t<div class=\"accordion-box-wrap\">\n\t\t<p>Die Bandbreite unserer Leistungen reicht von bauphysikalischen Detailanalysen \u00fcber Energieausweis f\u00fcr Nichtwohngeb\u00e4ude bis hin zu umfassenden energetischen Potenzialstudien gr\u00f6\u00dferer Liegenschaften. Alle erforderlichen Zulassungen\/ Zertifizierungen sind vorhanden (dena- Energieausweise, Bafa-Vor-Ort-Beratung, KfW-Effizienzh\u00e4user, KfW-Baubegleitung, KfW-Denkmal, KfW-Energieberatung Mittelstand und NWG, Th\u00fcringer EnergieeffizienzOffensive der Th\u00fcringer Aufbaubank, Klimaschutzberater u.v.m.).\t\t\t\t\t\t<span><a href=\"https:\/\/ee-i.de\/index.php\/referenzen\/\" target=\"_blank\">Referenzen<\/a><\/span>\n\t\t\n\t\t<\/p>\n\t<\/div>\n<\/div>\n\n<div class=\"accordion-box\">\n\t<div class=\"accordion\u2014header accordion-box-header closed\">\n\t\t<h3><span class=\"accordion-box-icon\"><\/span>Klimaschutz- und Nachhaltigkeitskonzepte <\/h3>\n\t<\/div>\n\t\n\t<div class=\"accordion-box-wrap\">\n\t\t<p>In den Konzepten werden vorhandene Emissionsminderungspotentiale aufgezeigt und Know-how f\u00fcr kosteng\u00fcnstige und nachhaltige L\u00f6sungen dargelegt.\u2028\u2028<br \/>\nSeit vielen Jahren sind wir sowohl theoretisch als auch praktisch im Klimaschutz t\u00e4tig. Dadurch konnten zahlreiche Klimaschutzprojekte umgesetzt werden. Schwerpunkte sind hierbei spezifische Analysen auf Geb\u00e4ude-, Quartier-, Stadtteil- und Ortsma\u00dfstabsebene als nachhaltige Gesamtkonzepte.\t\t\t\t\t\t<span><a href=\"https:\/\/ee-i.de\/index.php\/referenzen\/\" target=\"_blank\">Referenzen<\/a><\/span>\n\t\t\n\t\t<\/p>\n\t<\/div>\n<\/div>\n\n<div class=\"accordion-box\">\n\t<div class=\"accordion\u2014header accordion-box-header closed\">\n\t\t<h3><span class=\"accordion-box-icon\"><\/span>Dynamische Energieeffizienz-Wirtschaftlichkeitsuntersuchungen <\/h3>\n\t<\/div>\n\t\n\t<div class=\"accordion-box-wrap\">\n\t\t<p>Unter Ber\u00fccksichtigung dynamischer Randbedingungen werden von uns mittels normierter finanzmathematischer Berechnungsmethoden vergleichende Betrachtungen verschiedener L\u00f6sungsvarianten vorgenommen. Von hoher Bedeutung ist dabei die Isolierung von ohnehin anfallenden Kosten, Bestimmung der dynamischen Parameter und Lebenszyklen. So entstehen transparente Wirtschaftlichkeitsbewertungen als zentrale Entscheidungsgrundlage.\t\t\t\t\t\t<span><a href=\"https:\/\/ee-i.de\/index.php\/referenzen\/\" target=\"_blank\">Referenzen<\/a><\/span>\n\t\t\n\t\t<\/p>\n\t<\/div>\n<\/div>\n\n<div class=\"accordion-box\">\n\t<div class=\"accordion\u2014header accordion-box-header closed\">\n\t\t<h3><span class=\"accordion-box-icon\"><\/span>Potenzialstudien (Erneuerbare Energien, Energieeffizienz) <\/h3>\n\t<\/div>\n\t\n\t<div class=\"accordion-box-wrap\">\n\t\t<p>Erneuerbare Energien und Energieeffizienz bilden die wichtigsten S\u00e4ulen der Energiewende. Wir quantifizieren Handlungsoptionen f\u00fcr Industrie und Gewerbe sowie in Immobilien und Quartieren. Wir eruieren Potenziale und entwickeln daraus Anwendungsstrategien. Die wirtschaftlichen, \u00f6kologischen und energetischen Auswirkungen werden herausgearbeitet.\t\t\t\t\t\t<span><a href=\"https:\/\/ee-i.de\/index.php\/referenzen\/\" target=\"_blank\">Referenzen<\/a><\/span>\n\t\t\n\t\t<\/p>\n\t<\/div>\n<\/div>\n\n<div class=\"accordion-box\">\n\t<div class=\"accordion\u2014header accordion-box-header closed\">\n\t\t<h3><span class=\"accordion-box-icon\"><\/span>Gutachten <\/h3>\n\t<\/div>\n\t\n\t<div class=\"accordion-box-wrap\">\n\t\t<p>Komplexe Sachverhalte, administrative Anforderungen und \u00c4nderungen der rechtlichen Rahmenbedingungen k\u00f6nnen zu Unsicherheiten und Streitf\u00e4llen f\u00fchren. Das Energieeffizienzinstitut bietet Ihnen die erforderlichen Kompetenzen und Erfahrungen hinsichtlich gutachterlich-technischer Unterst\u00fctzung.\t\t\t\t\t\t<span><a href=\"https:\/\/ee-i.de\/index.php\/referenzen\/\" target=\"_blank\">Referenzen<\/a><\/span>\n\t\t\n\t\t<\/p>\n\t<\/div>\n<\/div>\n\n<div class=\"accordion-box\">\n\t<div class=\"accordion\u2014header accordion-box-header closed\">\n\t\t<h3><span class=\"accordion-box-icon\"><\/span>Consulting f\u00fcr Industrie, Gewerbe, u.a. (Energieaudit, Einsparcontracting, Energiemanagementsysteme) <\/h3>\n\t<\/div>\n\t\n\t<div class=\"accordion-box-wrap\">\n\t\t<p>Energieaudits und Energiemangementsysteme (EnMS) tragen dazu bei, die Energieeffizienz in Unternehmen, Kommunen und bei Energieversorgern systematisch und kontinuierlich zu erh\u00f6hen. Ziel der Etablierung eines EnMS ist, Energieeffizienzpotenziale aufzudecken, zu dokumentieren, wirtschaftliche Optimierungsvarianten umzusetzen und zu \u00fcberpr\u00fcfen. Wir unterst\u00fctzen Sie bei der Einf\u00fchrung erforderlicher Organisations- und Informationsstrukturen einschlie\u00dflich der technischen Hilfsmittel, wie z.B. EnMS-Software. Wir entwickeln mit Ihnen gemeinsam eine f\u00fcr Ihr Unternehmen zugeschnittene Strategie zur Energieeinsparung und Optimierung der Energienutzung.\t\t\t\t\t\t<span><a href=\"https:\/\/ee-i.de\/index.php\/referenzen\/\" target=\"_blank\">Referenzen<\/a><\/span>\n\t\t\n\t\t<\/p>\n\t<\/div>\n<\/div>\n\n<div class=\"accordion-box\">\n\t<div class=\"accordion\u2014header accordion-box-header closed\">\n\t\t<h3><span class=\"accordion-box-icon\"><\/span>Politikberatung <\/h3>\n\t<\/div>\n\t\n\t<div class=\"accordion-box-wrap\">\n\t\t<p>Politik und Verwaltung ben\u00f6tigt fachspezifische Zuarbeiten aus Forschung und Wirtschaft. Entscheidungstr\u00e4ger aller politischen Ebenen werden von den Institutsmitarbeitern kompetent und zuverl\u00e4ssig beraten. Wir stehen in Kontakt mit Bundes-, Landes-, und kommunalen Beh\u00f6rden sowie zahlreichen Verb\u00e4nden.\t\t\t\t\t\t<span><a href=\"https:\/\/ee-i.de\/index.php\/referenzen\/\" target=\"_blank\">Referenzen<\/a><\/span>\n\t\t\n\t\t<\/p>\n\t<\/div>\n<\/div>\n\n\n<p><\/p>\n","protected":false},"excerpt":{"rendered":"","protected":false},"author":1,"featured_media":78,"parent":0,"menu_order":1,"comment_status":"closed","ping_status":"closed","template":"","meta":[],"_links":{"self":[{"href":"https:\/\/ee-i.de\/index.php\/wp-json\/wp\/v2\/pages\/10"}],"collection":[{"href":"https:\/\/ee-i.de\/index.php\/wp-json\/wp\/v2\/pages"}],"about":[{"href":"https:\/\/ee-i.de\/index.php\/wp-json\/wp\/v2\/types\/page"}],"author":[{"embeddable":true,"href":"https:\/\/ee-i.de\/index.php\/wp-json\/wp\/v2\/users\/1"}],"replies":[{"embeddable":true,"href":"https:\/\/ee-i.de\/index.php\/wp-json\/wp\/v2\/comments?post=10"}],"version-history":[{"count":10,"href":"https:\/\/ee-i.de\/index.php\/wp-json\/wp\/v2\/pages\/10\/revisions"}],"predecessor-version":[{"id":176,"href":"https:\/\/ee-i.de\/index.php\/wp-json\/wp\/v2\/pages\/10\/revisions\/176"}],"wp:featuredmedia":[{"embeddable":true,"href":"https:\/\/ee-i.de\/index.php\/wp-json\/wp\/v2\/media\/78"}],"wp:attachment":[{"href":"https:\/\/ee-i.de\/index.php\/wp-json\/wp\/v2\/media?parent=10"}],"curies":[{"name":"wp","href":"https:\/\/api.w.org\/{rel}","templated":true}]}}